{"id":485,"date":"2021-09-24T16:52:44","date_gmt":"2021-09-24T19:52:44","guid":{"rendered":"https:\/\/www.fisica-aplicada.faud.unsj.edu.ar\/?page_id=485"},"modified":"2022-02-02T12:23:57","modified_gmt":"2022-02-02T15:23:57","slug":"examen-virtual","status":"publish","type":"page","link":"https:\/\/www.fisica-aplicada.faud.unsj.edu.ar\/index.php\/examen-virtual\/","title":{"rendered":"Examen Virtual"},"content":{"rendered":"<p><strong>PAUTAS DE EXAMEN VIRTUAL REGULAR<\/strong><\/p>\n<ul>\n<li>\u00a0El estudiante inicia la inscripci\u00f3n seg\u00fan la reglamentaci\u00f3n vigente o env\u00eda su inscripci\u00f3n al Departamento Acad\u00e9mico correspondiente, 32 d\u00edas h\u00e1biles (treinta y dos) antes de la mesa a presentarse. Consignando: Nombre y Apellido, DNI, Registro, datos de la asignatura y al menos dos medios de comunicaci\u00f3n (mail, tel\u00e9fono y WhatsApp).<\/li>\n<li><strong>El estudiante debe realizar una prueba de link, la cual es obligatoria, <\/strong><strong>y se realiza el d\u00eda LUNES anterior a la mesa de examen a las 17hs. Se<\/strong><br \/>\n<strong>realiza en la misma sala bbb de examen<\/strong>.<\/li>\n<li>La mesa de examen se realiza los d\u00edas mi\u00e9rcoles desde las 8.00hs. El estudiante debe conectarse 5 minutos antes, para confirmar la asistencia, y el horario de inicio depender\u00e1 de la cantidad de alumnos inscriptos.<\/li>\n<li>El tribunal env\u00eda la informaci\u00f3n del examen al Departamento Alumnos mediante el SIU.<\/li>\n<li>Es indispensable que el alumno cuente con buen audio y la c\u00e1mara encendida durante todo el examen.<\/li>\n<\/ul>\n<p><strong>PAUTAS DE EXAMEN LIBRE<\/strong><\/p>\n<ul>\n<li>Los ex\u00e1menes libres se realizar\u00e1n solamente en forma presencial.<\/li>\n<li>Las mesas de examen ser\u00e1n presenciales la \u00faltima fecha de cada turno, es decir la \u00faltima fecha de diciembre y la \u00faltima de marzo.<\/li>\n<li>\u00a0El examen libre consta de 3 (tres) instancias:<br \/>\nMonograf\u00eda, Trabajos Pr\u00e1cticos, Carpeta de ejercicios: El docente env\u00eda las consignas de la monograf\u00eda cuando responde el expediente iniciado por el alumno, respetando los tiempos establecidos por la resoluci\u00f3n. El estudiante debe presentarla el d\u00eda lunes anterior a la mesa de examen en forma impresa en el Departamento Alumnos, a las 8.00hs.<br \/>\nExamen escrito: El mismo se realiza el d\u00eda del examen, en forma presencial, con el uso del aula virtual, mediante un cuestionario. El tiempo es limitado y depende de cada evaluaci\u00f3n. Para poder realizar el examen escrito el alumno debe haber aprobado la Monograf\u00eda, los TP y la carpeta de ejercicios.<br \/>\nExamen oral: Esta instancia es oral, presencial, con el uso del pizarr\u00f3n. No se sacan bolillas, sino que es a programa abierto.<\/li>\n<li>Aprobadas las 3 instancias anteriores se le notifica al alumno su nota de aprobaci\u00f3n. En caso que no supere alguna instancia no puede continuar con la siguiente.<\/li>\n<\/ul>\n<p>Link de ingreso a sala de examen:<\/p>\n<p><a href=\"https:\/\/conferencias.unsj.edu.ar\/b\/dep-k3e-guy\" target=\"_blank\" rel=\"noopener\">Aula examen FA<\/a><\/p>\n<p>C\u00f3digo de acceso: 325522<\/p>\n","protected":false},"excerpt":{"rendered":"<p>PAUTAS DE EXAMEN VIRTUAL REGULAR \u00a0El estudiante inicia la inscripci\u00f3n seg\u00fan la reglamentaci\u00f3n vigente o env\u00eda su inscripci\u00f3n al Departamento Acad\u00e9mico correspondiente, 32 d\u00edas h\u00e1biles&hellip;<\/p>\n","protected":false},"author":1,"featured_media":0,"parent":0,"menu_order":0,"comment_status":"closed","ping_status":"closed","template":"","meta":{"_mc_calendar":[],"footnotes":""},"class_list":["post-485","page","type-page","status-publish","hentry"],"_links":{"self":[{"href":"https:\/\/www.fisica-aplicada.faud.unsj.edu.ar\/index.php\/wp-json\/wp\/v2\/pages\/485","targetHints":{"allow":["GET"]}}],"collection":[{"href":"https:\/\/www.fisica-aplicada.faud.unsj.edu.ar\/index.php\/wp-json\/wp\/v2\/pages"}],"about":[{"href":"https:\/\/www.fisica-aplicada.faud.unsj.edu.ar\/index.php\/wp-json\/wp\/v2\/types\/page"}],"author":[{"embeddable":true,"href":"https:\/\/www.fisica-aplicada.faud.unsj.edu.ar\/index.php\/wp-json\/wp\/v2\/users\/1"}],"replies":[{"embeddable":true,"href":"https:\/\/www.fisica-aplicada.faud.unsj.edu.ar\/index.php\/wp-json\/wp\/v2\/comments?post=485"}],"version-history":[{"count":6,"href":"https:\/\/www.fisica-aplicada.faud.unsj.edu.ar\/index.php\/wp-json\/wp\/v2\/pages\/485\/revisions"}],"predecessor-version":[{"id":528,"href":"https:\/\/www.fisica-aplicada.faud.unsj.edu.ar\/index.php\/wp-json\/wp\/v2\/pages\/485\/revisions\/528"}],"wp:attachment":[{"href":"https:\/\/www.fisica-aplicada.faud.unsj.edu.ar\/index.php\/wp-json\/wp\/v2\/media?parent=485"}],"curies":[{"name":"wp","href":"https:\/\/api.w.org\/{rel}","templated":true}]}}